{"id":27,"date":"2026-02-11T13:33:02","date_gmt":"2026-02-11T13:33:02","guid":{"rendered":"https:\/\/www.rocioochoa.com\/home\/"},"modified":"2026-02-19T14:58:18","modified_gmt":"2026-02-19T14:58:18","slug":"home","status":"publish","type":"page","link":"https:\/\/www.rocioochoa.com\/en\/","title":{"rendered":"Home"},"content":{"rendered":"<div class=\"wp-block-cover alignfull is-light\"><img loading=\"lazy\" decoding=\"async\" width=\"1024\" height=\"574\" class=\"wp-block-cover__image-background wp-image-38 size-large\" alt=\"\" src=\"https:\/\/www.rocioochoa.com\/wp-content\/uploads\/2026\/02\/sunset-beach-1024x574.jpg\" data-object-fit=\"cover\" srcset=\"https:\/\/www.rocioochoa.com\/wp-content\/uploads\/2026\/02\/sunset-beach-1024x574.jpg 1024w, https:\/\/www.rocioochoa.com\/wp-content\/uploads\/2026\/02\/sunset-beach-300x168.jpg 300w, https:\/\/www.rocioochoa.com\/wp-content\/uploads\/2026\/02\/sunset-beach-768x431.jpg 768w, https:\/\/www.rocioochoa.com\/wp-content\/uploads\/2026\/02\/sunset-beach-1536x861.jpg 1536w, https:\/\/www.rocioochoa.com\/wp-content\/uploads\/2026\/02\/sunset-beach-2048x1148.jpg 2048w, https:\/\/www.rocioochoa.com\/wp-content\/uploads\/2026\/02\/sunset-beach-18x10.jpg 18w\" sizes=\"auto, (max-width: 1024px) 100vw, 1024px\" \/><span aria-hidden=\"true\" class=\"wp-block-cover__background has-background-dim\" style=\"background-color:#deceb9\"><\/span><div class=\"wp-block-cover__inner-container has-global-padding is-layout-constrained wp-block-cover-is-layout-constrained\">\n<div class=\"wp-block-group alignfull is-style-ext-preset--group--natural-1--section has-global-padding is-layout-constrained wp-block-group-is-layout-constrained\" style=\"margin-top:0;margin-bottom:0;padding-top:var(--wp--preset--spacing--50);padding-bottom:var(--wp--preset--spacing--70)\">\n<div class=\"wp-block-group alignwide is-vertical is-content-justification-center is-layout-flex wp-container-core-group-is-layout-c9ee0c5a wp-block-group-is-layout-flex\">\n<div class=\"wp-block-group has-global-padding is-layout-constrained wp-container-core-group-is-layout-2287c683 wp-block-group-is-layout-constrained\">\n<h1 class=\"wp-block-heading alignwide has-text-align-center\">Roc\u00edo Ochoa Psychology<\/h1>\n\n\n\n<p class=\"has-text-align-center\">Third-generation psychological therapy.<br>Sessions in Spanish or English.<br>Online or in-person (Madrid).<br>For individuals and companies.<br>Individual, couples, and children\/teens.<\/p>\n<\/div>\n\n\n\n<div class=\"wp-block-buttons is-content-justification-center is-layout-flex wp-container-core-buttons-is-layout-a89b3969 wp-block-buttons-is-layout-flex\">\n<div class=\"wp-block-button has-custom-width wp-block-button__width-50 is-style-ext-preset--button--natural-1--button-1 is-style-ext-preset--button--natural-1--button-1--2\"><a class=\"wp-block-button__link wp-element-button\" href=\"https:\/\/www.rocioochoa.com\/en\/servicios\/\">Services<\/a><\/div>\n\n\n\n<div class=\"wp-block-button has-custom-width wp-block-button__width-50 is-style-ext-preset--button--natural-1--button-1 is-style-ext-preset--button--natural-1--button-1--3\"><a class=\"wp-block-button__link wp-element-button\" href=\"https:\/\/www.rocioochoa.com\/en\/precios\/\">Fees<\/a><\/div>\n\n\n\n<div class=\"wp-block-button has-custom-width wp-block-button__width-50 is-style-ext-preset--button--natural-1--button-1 is-style-ext-preset--button--natural-1--button-1--4\"><a class=\"wp-block-button__link wp-element-button\" href=\"https:\/\/www.rocioochoa.com\/en\/reservas\/\">Appointments<\/a><\/div>\n\n\n\n<div class=\"wp-block-button has-custom-width wp-block-button__width-50 is-style-ext-preset--button--natural-1--button-1 is-style-ext-preset--button--natural-1--button-1--5\"><a class=\"wp-block-button__link wp-element-button\" href=\"https:\/\/www.rocioochoa.com\/en\/contacto\/\">Contact us<\/a><\/div>\n<\/div>\n<\/div>\n<\/div>\n<\/div><\/div>\n\n\n\n<div class=\"wp-block-group alignfull is-style-ext-preset--group--natural-1--section has-background-background-color has-background has-global-padding is-layout-constrained wp-container-core-group-is-layout-79572d12 wp-block-group-is-layout-constrained\" style=\"margin-top:0;margin-bottom:0;padding-top:var(--wp--preset--spacing--30);padding-bottom:var(--wp--preset--spacing--30)\">\n<div class=\"wp-block-group alignwide is-vertical is-content-justification-center is-layout-flex wp-container-core-group-is-layout-81423f52 wp-block-group-is-layout-flex\">\n<div class=\"wp-block-group has-global-padding is-layout-constrained wp-container-core-group-is-layout-2287c683 wp-block-group-is-layout-constrained\">\n\n\n<p class=\"has-text-align-left justified-text\">Hello, I\u2019m Roc\u00edo Ochoa, a psychologist graduated from the European University of Madrid (<a href=\"https:\/\/universidadeuropea.com\/en\/\" title=\"\">UE<\/a>), with a Master\u2019s Degree in General Health Psychology from the International University of La Rioja (<a href=\"https:\/\/www.unir.net\/\" title=\"\">UNIR<\/a>). I am currently pursuing a PhD in Psychology at the European University of Madrid, where I carry out my research work.<\/p>\n\n\n\n<p class=\"has-text-align-left justified-text\">I am a registered psychologist with the Official College of Psychologists of Madrid <a href=\"https:\/\/www.copmadrid.org\/web\/ciudadania\/encuentra-psicologo-y-psicologa\/registro?buscar=ROC%C3%8DO+OCHOA\" title=\"\">(membership number M-38986)<\/a>. My specialization \u2014 and passion \u2014 lies in third-generation therapies, also known as contextual therapies, which represent the new paradigm within cognitive-behavioral psychology.<\/p>\n\n\n\n<figure class=\"wp-block-image size-large is-style-ext-preset-image-natural-1-image-1--content-any is-style-ext-preset--image--natural-1--image-1--content-any is-style-ext-preset--image--natural-1--image-1--content-any--7\"><img loading=\"lazy\" decoding=\"async\" width=\"751\" height=\"1024\" src=\"https:\/\/www.rocioochoa.com\/wp-content\/uploads\/2026\/02\/rocio_ochoa_terapia-751x1024.jpg\" alt=\"\" class=\"wp-image-74\" style=\"aspect-ratio:1;object-fit:cover\" srcset=\"https:\/\/www.rocioochoa.com\/wp-content\/uploads\/2026\/02\/rocio_ochoa_terapia-751x1024.jpg 751w, https:\/\/www.rocioochoa.com\/wp-content\/uploads\/2026\/02\/rocio_ochoa_terapia-220x300.jpg 220w, https:\/\/www.rocioochoa.com\/wp-content\/uploads\/2026\/02\/rocio_ochoa_terapia-768x1047.jpg 768w, https:\/\/www.rocioochoa.com\/wp-content\/uploads\/2026\/02\/rocio_ochoa_terapia-1126x1536.jpg 1126w, https:\/\/www.rocioochoa.com\/wp-content\/uploads\/2026\/02\/rocio_ochoa_terapia-1502x2048.jpg 1502w, https:\/\/www.rocioochoa.com\/wp-content\/uploads\/2026\/02\/rocio_ochoa_terapia-9x12.jpg 9w, https:\/\/www.rocioochoa.com\/wp-content\/uploads\/2026\/02\/rocio_ochoa_terapia.jpg 1760w\" sizes=\"auto, (max-width: 751px) 100vw, 751px\" \/><\/figure>\n\n\n\n<p class=\"justified-text\">I currently collaborate with the Madrid City Council in the addiction prevention program for children and young people at Madrid Salud, with the American company Spring Health, with Hospital Moncloa in Madrid in the Advanced Addiction Treatment Unit (TAVAS), and with the National Association of Psychologists in Action.<\/p>\n\n\n\n<p>You can find more details about me on the \u00ab<a href=\"https:\/\/www.rocioochoa.com\/en\/rocio\/\" title=\"\">Team<\/a>\u00ab.<\/p>\n<\/div>\n<\/div>\n<\/div>\n\n\n\n<div class=\"wp-block-cover alignfull is-light\"><img loading=\"lazy\" decoding=\"async\" width=\"1024\" height=\"574\" class=\"wp-block-cover__image-background wp-image-38 size-large\" alt=\"\" src=\"https:\/\/www.rocioochoa.com\/wp-content\/uploads\/2026\/02\/sunset-beach-1024x574.jpg\" data-object-fit=\"cover\" srcset=\"https:\/\/www.rocioochoa.com\/wp-content\/uploads\/2026\/02\/sunset-beach-1024x574.jpg 1024w, https:\/\/www.rocioochoa.com\/wp-content\/uploads\/2026\/02\/sunset-beach-300x168.jpg 300w, https:\/\/www.rocioochoa.com\/wp-content\/uploads\/2026\/02\/sunset-beach-768x431.jpg 768w, https:\/\/www.rocioochoa.com\/wp-content\/uploads\/2026\/02\/sunset-beach-1536x861.jpg 1536w, https:\/\/www.rocioochoa.com\/wp-content\/uploads\/2026\/02\/sunset-beach-2048x1148.jpg 2048w, https:\/\/www.rocioochoa.com\/wp-content\/uploads\/2026\/02\/sunset-beach-18x10.jpg 18w\" sizes=\"auto, (max-width: 1024px) 100vw, 1024px\" \/><span aria-hidden=\"true\" class=\"wp-block-cover__background has-background-dim\" style=\"background-color:#deceb9\"><\/span><div class=\"wp-block-cover__inner-container has-global-padding is-layout-constrained wp-block-cover-is-layout-constrained\">\n<div class=\"wp-block-group alignfull is-style-ext-preset--group--natural-1--section has-global-padding is-layout-constrained wp-block-group-is-layout-constrained\" style=\"margin-top:0;margin-bottom:0;padding-top:var(--wp--preset--spacing--30);padding-bottom:0\">\n<div class=\"wp-block-group alignwide is-vertical is-content-justification-center is-layout-flex wp-container-core-group-is-layout-c9ee0c5a wp-block-group-is-layout-flex\">\n<div class=\"wp-block-group has-global-padding is-layout-constrained wp-container-core-group-is-layout-2287c683 wp-block-group-is-layout-constrained\">\n<h1 class=\"wp-block-heading alignwide has-text-align-center\">Let's talk.<\/h1>\n\n\n\n<div class=\"wp-block-group is-content-justification-center is-nowrap is-layout-flex wp-container-core-group-is-layout-23441af8 wp-block-group-is-layout-flex\">\n<figure class=\"wp-block-image size-thumbnail wp-container-content-759e20a8 wp-duotone-2640d4-f9f8f1-9\"><a href=\"tel:+34623913004\"><img loading=\"lazy\" decoding=\"async\" width=\"150\" height=\"150\" src=\"https:\/\/www.rocioochoa.com\/wp-content\/uploads\/2026\/02\/phone-2-150x150.png\" alt=\"\" class=\"wp-image-259\" style=\"object-fit:cover\" srcset=\"https:\/\/www.rocioochoa.com\/wp-content\/uploads\/2026\/02\/phone-2-150x150.png 150w, https:\/\/www.rocioochoa.com\/wp-content\/uploads\/2026\/02\/phone-2-300x300.png 300w, https:\/\/www.rocioochoa.com\/wp-content\/uploads\/2026\/02\/phone-2-12x12.png 12w, https:\/\/www.rocioochoa.com\/wp-content\/uploads\/2026\/02\/phone-2.png 640w\" sizes=\"auto, (max-width: 150px) 100vw, 150px\" \/><\/a><\/figure>\n\n\n\n<figure class=\"wp-block-image size-thumbnail wp-container-content-d50df0bc wp-duotone-rgb37211102-f9f8f1-10\"><a href=\"https:\/\/wa.me\/34623913004\" target=\"_blank\"><img loading=\"lazy\" decoding=\"async\" width=\"150\" height=\"150\" src=\"https:\/\/www.rocioochoa.com\/wp-content\/uploads\/2026\/02\/whatsapp-1-150x150.png\" alt=\"\" class=\"wp-image-257\" srcset=\"https:\/\/www.rocioochoa.com\/wp-content\/uploads\/2026\/02\/whatsapp-1-150x150.png 150w, https:\/\/www.rocioochoa.com\/wp-content\/uploads\/2026\/02\/whatsapp-1-300x300.png 300w, https:\/\/www.rocioochoa.com\/wp-content\/uploads\/2026\/02\/whatsapp-1-12x12.png 12w, https:\/\/www.rocioochoa.com\/wp-content\/uploads\/2026\/02\/whatsapp-1.png 640w\" sizes=\"auto, (max-width: 150px) 100vw, 150px\" \/><\/a><\/figure>\n\n\n\n<figure class=\"wp-block-image size-thumbnail wp-container-content-d50df0bc wp-duotone-5e5e5e-f9f8f1-11\"><a href=\"mailto:info@rocioochoa.com\"><img loading=\"lazy\" decoding=\"async\" width=\"150\" height=\"150\" src=\"https:\/\/www.rocioochoa.com\/wp-content\/uploads\/2026\/02\/email-150x150.png\" alt=\"\" class=\"wp-image-260\" srcset=\"https:\/\/www.rocioochoa.com\/wp-content\/uploads\/2026\/02\/email-150x150.png 150w, https:\/\/www.rocioochoa.com\/wp-content\/uploads\/2026\/02\/email-300x300.png 300w, https:\/\/www.rocioochoa.com\/wp-content\/uploads\/2026\/02\/email-12x12.png 12w, https:\/\/www.rocioochoa.com\/wp-content\/uploads\/2026\/02\/email.png 640w\" sizes=\"auto, (max-width: 150px) 100vw, 150px\" \/><\/a><\/figure>\n<\/div>\n\n\n\n<p class=\"has-text-align-center has-small-font-size\"><em>Click on each icon to call or send us a message.<\/em><\/p>\n\n\n\n<div class=\"wp-block-buttons is-layout-flex wp-block-buttons-is-layout-flex\">\n<div class=\"wp-block-button has-custom-width wp-block-button__width-100\"><a class=\"wp-block-button__link wp-element-button\" href=\"https:\/\/www.rocioochoa.com\/en\/reservas\/\">Book an appointment<\/a><\/div>\n<\/div>\n\n\n\n<div class=\"wp-block-buttons is-layout-flex wp-block-buttons-is-layout-flex\">\n<div class=\"wp-block-button has-custom-width wp-block-button__width-50\"><a class=\"wp-block-button__link wp-element-button\" href=\"https:\/\/www.rocioochoa.com\/en\/servicios\/\">Services<\/a><\/div>\n\n\n\n<div class=\"wp-block-button has-custom-width wp-block-button__width-50\"><a class=\"wp-block-button__link wp-element-button\" href=\"https:\/\/www.rocioochoa.com\/en\/precios\/\">Fees<\/a><\/div>\n<\/div>\n<\/div>\n<\/div>\n<\/div>\n<\/div><\/div>","protected":false},"excerpt":{"rendered":"<p>Hola. Soy Roc\u00edo Ochoa, Psic\u00f3loga graduada por la Universidad Europea de Madrid (UE), con M\u00e1ster en Psicolog\u00eda General Sanitaria por la Universidad Internacional de La Rioja (UNIR). Actualmente doctoranda en Psicolog\u00eda en la Universidad Europea de Madrid, donde desarrollo mi labor investigadora. Estoy colegiada en el Colegio Oficial de la Psicolog\u00eda de Madrid con el [&hellip;]<\/p>\n","protected":false},"author":1,"featured_media":0,"parent":0,"menu_order":0,"comment_status":"closed","ping_status":"closed","template":"no-title","meta":{"footnotes":""},"class_list":["post-27","page","type-page","status-publish","hentry"],"aioseo_notices":[],"_links":{"self":[{"href":"https:\/\/www.rocioochoa.com\/en\/wp-json\/wp\/v2\/pages\/27","targetHints":{"allow":["GET"]}}],"collection":[{"href":"https:\/\/www.rocioochoa.com\/en\/wp-json\/wp\/v2\/pages"}],"about":[{"href":"https:\/\/www.rocioochoa.com\/en\/wp-json\/wp\/v2\/types\/page"}],"author":[{"embeddable":true,"href":"https:\/\/www.rocioochoa.com\/en\/wp-json\/wp\/v2\/users\/1"}],"replies":[{"embeddable":true,"href":"https:\/\/www.rocioochoa.com\/en\/wp-json\/wp\/v2\/comments?post=27"}],"version-history":[{"count":11,"href":"https:\/\/www.rocioochoa.com\/en\/wp-json\/wp\/v2\/pages\/27\/revisions"}],"predecessor-version":[{"id":341,"href":"https:\/\/www.rocioochoa.com\/en\/wp-json\/wp\/v2\/pages\/27\/revisions\/341"}],"wp:attachment":[{"href":"https:\/\/www.rocioochoa.com\/en\/wp-json\/wp\/v2\/media?parent=27"}],"curies":[{"name":"wp","href":"https:\/\/api.w.org\/{rel}","templated":true}]}}