{"id":24,"date":"2026-02-11T13:32:59","date_gmt":"2026-02-11T13:32:59","guid":{"rendered":"https:\/\/www.rocioochoa.com\/contact\/"},"modified":"2026-02-19T14:57:58","modified_gmt":"2026-02-19T14:57:58","slug":"contacto","status":"publish","type":"page","link":"https:\/\/www.rocioochoa.com\/en\/contacto\/","title":{"rendered":"Contact us"},"content":{"rendered":"\n<div class=\"wp-block-cover alignfull is-light\"><img loading=\"lazy\" decoding=\"async\" width=\"1024\" height=\"574\" class=\"wp-block-cover__image-background wp-image-38 size-large\" alt=\"\" src=\"https:\/\/www.rocioochoa.com\/wp-content\/uploads\/2026\/02\/sunset-beach-1024x574.jpg\" data-object-fit=\"cover\" srcset=\"https:\/\/www.rocioochoa.com\/wp-content\/uploads\/2026\/02\/sunset-beach-1024x574.jpg 1024w, https:\/\/www.rocioochoa.com\/wp-content\/uploads\/2026\/02\/sunset-beach-300x168.jpg 300w, https:\/\/www.rocioochoa.com\/wp-content\/uploads\/2026\/02\/sunset-beach-768x431.jpg 768w, https:\/\/www.rocioochoa.com\/wp-content\/uploads\/2026\/02\/sunset-beach-1536x861.jpg 1536w, https:\/\/www.rocioochoa.com\/wp-content\/uploads\/2026\/02\/sunset-beach-2048x1148.jpg 2048w, https:\/\/www.rocioochoa.com\/wp-content\/uploads\/2026\/02\/sunset-beach-18x10.jpg 18w\" sizes=\"auto, (max-width: 1024px) 100vw, 1024px\" \/><span aria-hidden=\"true\" class=\"wp-block-cover__background has-background-dim\" style=\"background-color:#deceb9\"><\/span><div class=\"wp-block-cover__inner-container has-global-padding is-layout-constrained wp-block-cover-is-layout-constrained\">\n<div class=\"wp-block-group alignfull is-style-ext-preset--group--natural-1--section has-global-padding is-layout-constrained wp-block-group-is-layout-constrained\" style=\"margin-top:0;margin-bottom:0;padding-top:var(--wp--preset--spacing--30);padding-bottom:0\">\n<div class=\"wp-block-group alignwide is-vertical is-content-justification-center is-layout-flex wp-container-core-group-is-layout-c9ee0c5a wp-block-group-is-layout-flex\">\n<div class=\"wp-block-group has-global-padding is-layout-constrained wp-container-core-group-is-layout-2287c683 wp-block-group-is-layout-constrained\">\n<h1 class=\"wp-block-heading alignwide has-text-align-center\">\u00bfHablamos?<\/h1>\n\n\n\n<div class=\"wp-block-group is-content-justification-center is-nowrap is-layout-flex wp-container-core-group-is-layout-23441af8 wp-block-group-is-layout-flex\">\n<figure class=\"wp-block-image size-thumbnail wp-container-content-759e20a8 wp-duotone-2640d4-f9f8f1-2\"><a href=\"tel:+34623913004\"><img loading=\"lazy\" decoding=\"async\" width=\"150\" height=\"150\" src=\"https:\/\/www.rocioochoa.com\/wp-content\/uploads\/2026\/02\/phone-2-150x150.png\" alt=\"\" class=\"wp-image-259\" style=\"object-fit:cover\" srcset=\"https:\/\/www.rocioochoa.com\/wp-content\/uploads\/2026\/02\/phone-2-150x150.png 150w, https:\/\/www.rocioochoa.com\/wp-content\/uploads\/2026\/02\/phone-2-300x300.png 300w, https:\/\/www.rocioochoa.com\/wp-content\/uploads\/2026\/02\/phone-2-12x12.png 12w, https:\/\/www.rocioochoa.com\/wp-content\/uploads\/2026\/02\/phone-2.png 640w\" sizes=\"auto, (max-width: 150px) 100vw, 150px\" \/><\/a><\/figure>\n\n\n\n<figure class=\"wp-block-image size-thumbnail wp-container-content-d50df0bc wp-duotone-rgb37211102-f9f8f1-3\"><a href=\"https:\/\/wa.me\/34623913004\" target=\"_blank\"><img loading=\"lazy\" decoding=\"async\" width=\"150\" height=\"150\" src=\"https:\/\/www.rocioochoa.com\/wp-content\/uploads\/2026\/02\/whatsapp-1-150x150.png\" alt=\"\" class=\"wp-image-257\" srcset=\"https:\/\/www.rocioochoa.com\/wp-content\/uploads\/2026\/02\/whatsapp-1-150x150.png 150w, https:\/\/www.rocioochoa.com\/wp-content\/uploads\/2026\/02\/whatsapp-1-300x300.png 300w, https:\/\/www.rocioochoa.com\/wp-content\/uploads\/2026\/02\/whatsapp-1-12x12.png 12w, https:\/\/www.rocioochoa.com\/wp-content\/uploads\/2026\/02\/whatsapp-1.png 640w\" sizes=\"auto, (max-width: 150px) 100vw, 150px\" \/><\/a><\/figure>\n\n\n\n<figure class=\"wp-block-image size-thumbnail wp-container-content-d50df0bc wp-duotone-5e5e5e-f9f8f1-4\"><a href=\"mailto:info@rocioochoa.com\"><img loading=\"lazy\" decoding=\"async\" width=\"150\" height=\"150\" src=\"https:\/\/www.rocioochoa.com\/wp-content\/uploads\/2026\/02\/email-150x150.png\" alt=\"\" class=\"wp-image-260\" srcset=\"https:\/\/www.rocioochoa.com\/wp-content\/uploads\/2026\/02\/email-150x150.png 150w, https:\/\/www.rocioochoa.com\/wp-content\/uploads\/2026\/02\/email-300x300.png 300w, https:\/\/www.rocioochoa.com\/wp-content\/uploads\/2026\/02\/email-12x12.png 12w, https:\/\/www.rocioochoa.com\/wp-content\/uploads\/2026\/02\/email.png 640w\" sizes=\"auto, (max-width: 150px) 100vw, 150px\" \/><\/a><\/figure>\n<\/div>\n\n\n\n<p class=\"has-text-align-center has-small-font-size\"><em>Pulsa sobre cada icono para llamar o escribirnos.<\/em><\/p>\n<\/div>\n<\/div>\n<\/div>\n<\/div><\/div>\n\n\n\n<div class=\"wp-block-group alignfull is-style-ext-preset--group--natural-1--section has-background-background-color has-background has-global-padding is-layout-constrained wp-container-core-group-is-layout-4536c885 wp-block-group-is-layout-constrained\" style=\"margin-top:0;margin-bottom:0;padding-top:var(--wp--preset--spacing--20);padding-bottom:var(--wp--preset--spacing--20)\">\n<p class=\"has-text-align-left justified-text\" style=\"padding-top:0;padding-bottom:0\">Puedes llamarnos, escribirnos un WhatsApp, enviarnos un correo electr\u00f3nico o usar nuestro <a href=\"#formulario\" title=\"formulario de contacto\">formulario de contacto<\/a> en la parte inferior de esta p\u00e1gina. Elige la forma de contacto que te resulte m\u00e1s c\u00f3moda. Estaremos encantados de atenderte.<\/p>\n\n\n\n<div class=\"wp-block-group grid-precios is-layout-grid wp-container-core-group-is-layout-3f3fce6f wp-block-group-is-layout-grid\" style=\"margin-top:var(--wp--preset--spacing--20);margin-bottom:var(--wp--preset--spacing--20)\">\n<div class=\"wp-block-columns alignwide is-not-stacked-on-mobile is-layout-flex wp-container-core-columns-is-layout-b6b4657a wp-block-columns-is-layout-flex\" style=\"margin-top:var(--wp--preset--spacing--20);margin-bottom:var(--wp--preset--spacing--20)\">\n<div class=\"wp-block-column is-vertically-aligned-stretch has-global-padding is-layout-constrained wp-container-core-column-is-layout-81259c72 wp-block-column-is-layout-constrained\" style=\"padding-top:0;padding-bottom:0\">\n<div class=\"wp-block-group is-style-ext-preset--group--natural-1--item-card-1--align-start card-flex has-global-padding is-layout-constrained wp-block-group-is-layout-constrained is-style-ext-preset--group--natural-1--item-card-1--align-start--6\" style=\"padding-top:var(--wp--preset--spacing--20);padding-bottom:var(--wp--preset--spacing--20)\">\n<figure class=\"wp-block-image size-thumbnail wp-duotone-rgb75138255-12141d-7\"><a href=\"https:\/\/maps.app.goo.gl\/2knBG7hRV12pTWbU6\"><img loading=\"lazy\" decoding=\"async\" width=\"150\" height=\"150\" src=\"https:\/\/www.rocioochoa.com\/wp-content\/uploads\/2026\/02\/map-150x150.png\" alt=\"\" class=\"wp-image-275\" srcset=\"https:\/\/www.rocioochoa.com\/wp-content\/uploads\/2026\/02\/map-150x150.png 150w, https:\/\/www.rocioochoa.com\/wp-content\/uploads\/2026\/02\/map-300x300.png 300w, https:\/\/www.rocioochoa.com\/wp-content\/uploads\/2026\/02\/map-12x12.png 12w, https:\/\/www.rocioochoa.com\/wp-content\/uploads\/2026\/02\/map.png 640w\" sizes=\"auto, (max-width: 150px) 100vw, 150px\" \/><\/a><\/figure>\n\n\n\n<p class=\"has-text-align-center has-medium-font-size\" style=\"font-style:normal;font-weight:500\"><a href=\"https:\/\/maps.app.goo.gl\/2knBG7hRV12pTWbU6\" title=\"\">Paseo de Eduardo Dato 19, Madrid.<\/a><br><a href=\"https:\/\/maps.app.goo.gl\/2knBG7hRV12pTWbU6\" title=\"\">1\u00ba Izquierda.<\/a><\/p>\n<\/div>\n<\/div>\n<\/div>\n\n\n\n<div class=\"wp-block-columns alignwide is-not-stacked-on-mobile is-layout-flex wp-container-core-columns-is-layout-b6b4657a wp-block-columns-is-layout-flex\" style=\"margin-top:var(--wp--preset--spacing--20);margin-bottom:var(--wp--preset--spacing--20)\">\n<div class=\"wp-block-column is-vertically-aligned-stretch has-global-padding is-layout-constrained wp-container-core-column-is-layout-81259c72 wp-block-column-is-layout-constrained\" style=\"padding-top:0;padding-bottom:0\">\n<div class=\"wp-block-group is-style-ext-preset--group--natural-1--item-card-1--align-start card-flex has-global-padding is-layout-constrained wp-block-group-is-layout-constrained is-style-ext-preset--group--natural-1--item-card-1--align-start--8\" style=\"padding-top:var(--wp--preset--spacing--20);padding-bottom:var(--wp--preset--spacing--20)\">\n<figure class=\"wp-block-image size-thumbnail wp-duotone-rgb75138255-12141d-9\"><img loading=\"lazy\" decoding=\"async\" width=\"150\" height=\"150\" src=\"https:\/\/www.rocioochoa.com\/wp-content\/uploads\/2026\/02\/phone-2-150x150.png\" alt=\"\" class=\"wp-image-259\" srcset=\"https:\/\/www.rocioochoa.com\/wp-content\/uploads\/2026\/02\/phone-2-150x150.png 150w, https:\/\/www.rocioochoa.com\/wp-content\/uploads\/2026\/02\/phone-2-300x300.png 300w, https:\/\/www.rocioochoa.com\/wp-content\/uploads\/2026\/02\/phone-2-12x12.png 12w, https:\/\/www.rocioochoa.com\/wp-content\/uploads\/2026\/02\/phone-2.png 640w\" sizes=\"auto, (max-width: 150px) 100vw, 150px\" \/><\/figure>\n\n\n\n<p class=\"has-text-align-center has-medium-font-size\" style=\"font-style:normal;font-weight:500\"><a href=\"tel:+34623913004\">(+34) 623913004<\/a><\/p>\n<\/div>\n<\/div>\n<\/div>\n\n\n\n<div class=\"wp-block-columns alignwide is-not-stacked-on-mobile is-layout-flex wp-container-core-columns-is-layout-b6b4657a wp-block-columns-is-layout-flex\" style=\"margin-top:var(--wp--preset--spacing--20);margin-bottom:var(--wp--preset--spacing--20)\">\n<div class=\"wp-block-column is-vertically-aligned-stretch has-global-padding is-layout-constrained wp-container-core-column-is-layout-81259c72 wp-block-column-is-layout-constrained\" style=\"padding-top:0;padding-bottom:0\">\n<div class=\"wp-block-group is-style-ext-preset--group--natural-1--item-card-1--align-start card-flex has-global-padding is-layout-constrained wp-block-group-is-layout-constrained is-style-ext-preset--group--natural-1--item-card-1--align-start--10\" style=\"padding-top:var(--wp--preset--spacing--20);padding-bottom:var(--wp--preset--spacing--20)\">\n<figure class=\"wp-block-image size-thumbnail wp-duotone-25d366-12141d-11\"><img loading=\"lazy\" decoding=\"async\" width=\"150\" height=\"150\" src=\"https:\/\/www.rocioochoa.com\/wp-content\/uploads\/2026\/02\/whatsapp-1-150x150.png\" alt=\"\" class=\"wp-image-257\" srcset=\"https:\/\/www.rocioochoa.com\/wp-content\/uploads\/2026\/02\/whatsapp-1-150x150.png 150w, https:\/\/www.rocioochoa.com\/wp-content\/uploads\/2026\/02\/whatsapp-1-300x300.png 300w, https:\/\/www.rocioochoa.com\/wp-content\/uploads\/2026\/02\/whatsapp-1-12x12.png 12w, https:\/\/www.rocioochoa.com\/wp-content\/uploads\/2026\/02\/whatsapp-1.png 640w\" sizes=\"auto, (max-width: 150px) 100vw, 150px\" \/><\/figure>\n\n\n\n<p class=\"has-text-align-center has-medium-font-size\" style=\"font-style:normal;font-weight:500\"><a href=\"https:\/\/wa.me\/34623913004\" target=\"_blank\">(+34) 623913004 (WhatsApp)<\/a><\/p>\n<\/div>\n<\/div>\n<\/div>\n\n\n\n<div class=\"wp-block-columns alignwide is-not-stacked-on-mobile is-layout-flex wp-container-core-columns-is-layout-b6b4657a wp-block-columns-is-layout-flex\" style=\"margin-top:var(--wp--preset--spacing--20);margin-bottom:var(--wp--preset--spacing--20)\">\n<div class=\"wp-block-column is-vertically-aligned-stretch has-global-padding is-layout-constrained wp-container-core-column-is-layout-81259c72 wp-block-column-is-layout-constrained\" style=\"padding-top:0;padding-bottom:0\">\n<div class=\"wp-block-group is-style-ext-preset--group--natural-1--item-card-1--align-start card-flex has-global-padding is-layout-constrained wp-block-group-is-layout-constrained is-style-ext-preset--group--natural-1--item-card-1--align-start--12\" style=\"padding-top:var(--wp--preset--spacing--20);padding-bottom:var(--wp--preset--spacing--20)\">\n<figure class=\"wp-block-image size-thumbnail wp-duotone-rgb75138255-12141d-13\"><img loading=\"lazy\" decoding=\"async\" width=\"150\" height=\"150\" src=\"https:\/\/www.rocioochoa.com\/wp-content\/uploads\/2026\/02\/email-150x150.png\" alt=\"\" class=\"wp-image-260\" srcset=\"https:\/\/www.rocioochoa.com\/wp-content\/uploads\/2026\/02\/email-150x150.png 150w, https:\/\/www.rocioochoa.com\/wp-content\/uploads\/2026\/02\/email-300x300.png 300w, https:\/\/www.rocioochoa.com\/wp-content\/uploads\/2026\/02\/email-12x12.png 12w, https:\/\/www.rocioochoa.com\/wp-content\/uploads\/2026\/02\/email.png 640w\" sizes=\"auto, (max-width: 150px) 100vw, 150px\" \/><\/figure>\n\n\n\n<p class=\"has-text-align-center has-medium-font-size\" style=\"font-style:normal;font-weight:500\"><a href=\"mailto:info@rocioochoa.com\">info@rocioochoa.com<\/a><\/p>\n<\/div>\n<\/div>\n<\/div>\n<\/div>\n\n\n\n\n\n\n\n\n\n\n\n<p style=\"padding-top:0;padding-right:0;padding-bottom:0;padding-left:0\">Metros cercanos:<\/p>\n\n\n\n<ul style=\"margin-top:0;margin-bottom:0\" class=\"wp-block-list\">\n<li><a href=\"https:\/\/maps.app.goo.gl\/Yrr7vwwm7dwjXvT5A\" title=\"\">Metro Rub\u00e9n Dar\u00edo, <span class=\"linea linea-5\"><strong>L\u00ednea 5<\/strong><\/span><\/a> (a dos minutos andando)<\/li>\n\n\n\n<li><a href=\"https:\/\/maps.app.goo.gl\/8FUieyU27SGQrjwH6\" title=\"\">Metro Iglesia, <span class=\"linea linea-1\"><strong>L\u00ednea 1<\/strong><\/span><\/a> (a ocho minutos andando)<\/li>\n\n\n\n<li><a href=\"https:\/\/maps.app.goo.gl\/xWLC9ngLyeVNeusE6\" title=\"\">Metro Alonso Mart\u00ednez, <span class=\"linea linea-4\"><strong>L\u00ednea 4<\/strong><\/span> y <span class=\"linea linea-10\"><strong>L\u00ednea 10<\/strong><\/span><\/a> (a nueve minutos andando)<\/li>\n\n\n\n<li><a href=\"https:\/\/maps.app.goo.gl\/Nn7BwuthWEdmAiqg7\" title=\"\">Metro Gregorio Mara\u00f1\u00f3n, <span class=\"linea linea-7\"><strong>L\u00ednea 7<\/strong><\/span> y <span class=\"linea linea-10\"><strong>L\u00ednea 10<\/strong><\/span><\/a> (a diez minutos andando)<\/li>\n\n\n\n<li><a href=\"https:\/\/maps.app.goo.gl\/nezbNmByCho2Xfpr7\" title=\"\">Metro Nu\u00f1ez de Balboa, <span class=\"linea linea-9\"><strong>L\u00ednea 9<\/strong><\/span><\/a> (a doce minutos andando)<\/li>\n\n\n\n<li><a href=\"https:\/\/maps.app.goo.gl\/yN4HnQQPGZmXRd6Z9\" title=\"\">Metro Quevedo, <span class=\"linea linea-2\"><strong>L\u00ednea 2<\/strong><\/span><\/a> (a quince minutos andando)<\/li>\n<\/ul>\n<\/div>\n\n\n\n<div class=\"wp-block-group alignfull is-style-ext-preset--group--natural-1--section has-tertiary-background-color has-background has-global-padding is-layout-constrained wp-block-group-is-layout-constrained\" style=\"margin-top:0;margin-bottom:0;padding-top:var(--wp--preset--spacing--30);padding-bottom:var(--wp--preset--spacing--30)\">\n<div class=\"wp-block-columns alignwide is-layout-flex wp-container-core-columns-is-layout-8c0a0940 wp-block-columns-is-layout-flex\" style=\"margin-top:0;margin-bottom:0;padding-top:0px;padding-bottom:0px\">\n<div class=\"wp-block-column is-vertically-aligned-center is-layout-flow wp-block-column-is-layout-flow\">\n<iframe src=\"https:\/\/www.google.com\/maps\/embed?pb=!1m18!1m12!1m3!1d3036.903744179769!2d-3.6953676235971837!3d40.43313025464042!2m3!1f0!2f0!3f0!3m2!1i1024!2i768!4f13.1!3m3!1m2!1s0xd422892a9c3d723%3A0xf938ce43a996786a!2sP.%C2%BA%20de%20Eduardo%20Dato%2C%2019%2C%20Chamber%C3%AD%2C%2028010%20Madrid!5e0!3m2!1ses!2ses!4v1770992144519!5m2!1ses!2ses\" width=\"600\" height=\"450\" style=\"border:0;\" allowfullscreen=\"\" loading=\"lazy\" referrerpolicy=\"no-referrer-when-downgrade\"><\/iframe>\n<\/div>\n<\/div>\n<\/div>\n\n\n\n<div class=\"wp-block-group alignfull is-style-ext-preset--group--natural-1--section has-background-background-color has-background has-global-padding is-layout-constrained wp-container-core-group-is-layout-4536c885 wp-block-group-is-layout-constrained\" style=\"margin-top:0;margin-bottom:0;padding-top:var(--wp--preset--spacing--20);padding-bottom:var(--wp--preset--spacing--20)\">\n<div class=\"wp-block-buttons is-content-justification-center is-layout-flex wp-container-core-buttons-is-layout-a89b3969 wp-block-buttons-is-layout-flex\">\n<div class=\"wp-block-button has-custom-width wp-block-button__width-100\"><a class=\"wp-block-button__link wp-element-button\" href=\"https:\/\/www.rocioochoa.com\/reservas\/\">Reservar cita<\/a><\/div>\n<\/div>\n<\/div>\n\n\n\n<div class=\"wp-block-group alignfull is-style-ext-preset--group--natural-1--section has-background-background-color has-background has-global-padding is-layout-constrained wp-container-core-group-is-layout-4536c885 wp-block-group-is-layout-constrained\" id=\"formulario\" style=\"margin-top:0;margin-bottom:0;padding-top:var(--wp--preset--spacing--20);padding-bottom:var(--wp--preset--spacing--20)\">\n<div class=\"wp-block-columns alignwide is-layout-flex wp-container-core-columns-is-layout-b6b4657a wp-block-columns-is-layout-flex\" style=\"margin-top:var(--wp--preset--spacing--20);margin-bottom:var(--wp--preset--spacing--20)\">\n<div class=\"wp-block-column is-vertically-aligned-stretch has-global-padding is-layout-constrained wp-container-core-column-is-layout-92b9201d wp-block-column-is-layout-constrained\">\n<div class=\"wp-block-group is-style-ext-preset--group--natural-1--item-card-1--align-start card-flex has-global-padding is-layout-constrained wp-block-group-is-layout-constrained is-style-ext-preset--group--natural-1--item-card-1--align-start--25\">\n<div class=\"wp-block-group is-content-justification-center is-nowrap is-layout-flex wp-container-core-group-is-layout-7a6b8894 wp-block-group-is-layout-flex\" style=\"padding-top:0;padding-right:0px;padding-bottom:0;padding-left:0px\">\n<div class=\"wp-block-group is-style-default is-layout-flow wp-block-group-is-layout-flow\">\n<div class=\"wp-block-group is-nowrap is-layout-flex wp-container-core-group-is-layout-5c2acf93 wp-block-group-is-layout-flex\" style=\"padding-top:5px;padding-bottom:5px\"><div class=\"wpforms-container wpforms-block wpforms-block-406c62bf-d413-4f54-9e34-6ea96a36e1dd wpforms-render-modern\" id=\"wpforms-20\"><form id=\"wpforms-form-20\" class=\"wpforms-validate wpforms-form wpforms-ajax-form\" data-formid=\"20\" method=\"post\" enctype=\"multipart\/form-data\" action=\"\/en\/wp-json\/wp\/v2\/pages\/24\" data-token=\"325b6848141f2e75b3af478b6aa08265\" data-token-time=\"1778282520\"><div class=\"wpforms-head-container\"><div class=\"wpforms-title\">Formulario de contacto<\/div><\/div><noscript class=\"wpforms-error-noscript\">Please enable JavaScript in your browser to complete this form.<\/noscript><div id=\"wpforms-error-noscript\" style=\"display: none;\">Please enable JavaScript in your browser to complete this form.<\/div><div class=\"wpforms-field-container\"><div id=\"wpforms-20-field_1-container\" class=\"wpforms-field wpforms-field-name\" data-field-id=\"1\"><label class=\"wpforms-field-label\" for=\"wpforms-20-field_1\">Nombre <span class=\"wpforms-required-label\" aria-hidden=\"true\">*<\/span><\/label><input type=\"text\" id=\"wpforms-20-field_1\" class=\"wpforms-field-large wpforms-field-required\" name=\"wpforms[fields][1]\" aria-errormessage=\"wpforms-20-field_1-error\" required><\/div><div id=\"wpforms-20-field_2-container\" class=\"wpforms-field wpforms-field-email\" data-field-id=\"2\"><label class=\"wpforms-field-label\" for=\"wpforms-20-field_2\">Correo electr\u00f3nico<\/label><input type=\"email\" id=\"wpforms-20-field_2\" class=\"wpforms-field-large\" name=\"wpforms[fields][2]\" spellcheck=\"false\" aria-errormessage=\"wpforms-20-field_2-error\" ><\/div>\t\t<div id=\"wpforms-20-field_4-container\"\n\t\t\tclass=\"wpforms-field wpforms-field-text\"\n\t\t\tdata-field-type=\"text\"\n\t\t\tdata-field-id=\"4\"\n\t\t\t>\n\t\t\t<label class=\"wpforms-field-label\" for=\"wpforms-20-field_4\" >Tel\u00e9fono de contacto<\/label>\n\t\t\t<input type=\"text\" id=\"wpforms-20-field_4\" class=\"wpforms-field-medium\" name=\"wpforms[fields][4]\" >\n\t\t<\/div>\n\t\t<div id=\"wpforms-20-field_5-container\" class=\"wpforms-field wpforms-field-number\" data-field-id=\"5\"><label class=\"wpforms-field-label\" for=\"wpforms-20-field_5\">Tel\u00e9fono<\/label><input type=\"number\" id=\"wpforms-20-field_5\" class=\"wpforms-field-large\" name=\"wpforms[fields][5]\" step=\"any\" aria-errormessage=\"wpforms-20-field_5-error\" ><\/div><div id=\"wpforms-20-field_7-container\" class=\"wpforms-field wpforms-field-checkbox\" data-field-id=\"7\"><fieldset><legend class=\"wpforms-field-label\">M\u00e9todo de contacto preferido<\/legend><ul id=\"wpforms-20-field_7\"><li class=\"choice-1 depth-1\"><input type=\"checkbox\" id=\"wpforms-20-field_7_1\" name=\"wpforms[fields][7][]\" value=\"Correo electr\u00f3nico\" aria-errormessage=\"wpforms-20-field_7_1-error\"  ><label class=\"wpforms-field-label-inline\" for=\"wpforms-20-field_7_1\">Correo electr\u00f3nico<\/label><\/li><li class=\"choice-2 depth-1\"><input type=\"checkbox\" id=\"wpforms-20-field_7_2\" name=\"wpforms[fields][7][]\" value=\"Llamada de tel\u00e9fono\" aria-errormessage=\"wpforms-20-field_7_2-error\"  ><label class=\"wpforms-field-label-inline\" for=\"wpforms-20-field_7_2\">Llamada de tel\u00e9fono<\/label><\/li><li class=\"choice-3 depth-1\"><input type=\"checkbox\" id=\"wpforms-20-field_7_3\" name=\"wpforms[fields][7][]\" value=\"Mensaje de WhatsApp\" aria-errormessage=\"wpforms-20-field_7_3-error\"  ><label class=\"wpforms-field-label-inline\" for=\"wpforms-20-field_7_3\">Mensaje de WhatsApp<\/label><\/li><\/ul><\/fieldset><\/div><div id=\"wpforms-20-field_3-container\" class=\"wpforms-field wpforms-field-text\" data-field-id=\"3\"><label class=\"wpforms-field-label\" for=\"wpforms-20-field_3\">Consulta <span class=\"wpforms-required-label\" aria-hidden=\"true\">*<\/span><\/label><input type=\"text\" id=\"wpforms-20-field_3\" class=\"wpforms-field-large wpforms-field-required wpforms-limit-characters-enabled\" data-form-id=\"20\" data-field-id=\"3\" data-text-limit=\"1000\" name=\"wpforms[fields][3]\" aria-errormessage=\"wpforms-20-field_3-error\" maxlength=\"1000\" required><\/div><script>\n\t\t\t\t( function() {\n\t\t\t\t\tconst style = document.createElement( 'style' );\n\t\t\t\t\tstyle.appendChild( document.createTextNode( '#wpforms-20-field_4-container { position: absolute !important; overflow: hidden !important; display: inline !important; height: 1px !important; width: 1px !important; z-index: -1000 !important; padding: 0 !important; } #wpforms-20-field_4-container input { visibility: hidden; } #wpforms-conversational-form-page #wpforms-20-field_4-container label { counter-increment: none; }' ) );\n\t\t\t\t\tdocument.head.appendChild( style );\n\t\t\t\t\tdocument.currentScript?.remove();\n\t\t\t\t} )();\n\t\t\t<\/script><\/div><!-- .wpforms-field-container --><div class=\"wpforms-submit-container\" ><input type=\"hidden\" name=\"wpforms[id]\" value=\"20\"><input type=\"hidden\" name=\"page_title\" value=\"\"><input type=\"hidden\" name=\"page_url\" value=\"https:\/\/www.rocioochoa.com\/en\/wp-json\/wp\/v2\/pages\/24\"><input type=\"hidden\" name=\"url_referer\" value=\"\"><button type=\"submit\" name=\"wpforms[submit]\" id=\"wpforms-submit-20\" class=\"wpforms-submit\" data-alt-text=\"Enviando..\" data-submit-text=\"Enviar\" aria-live=\"assertive\" value=\"wpforms-submit\">Enviar<\/button><img loading=\"lazy\" decoding=\"async\" src=\"https:\/\/www.rocioochoa.com\/wp-content\/plugins\/wpforms-lite\/assets\/images\/submit-spin.svg\" class=\"wpforms-submit-spinner\" style=\"display: none;\" width=\"26\" height=\"26\" alt=\"Loading\"><\/div><\/form><\/div>  <!-- .wpforms-container --><\/div>\n<\/div>\n<\/div>\n<\/div>\n<\/div>\n<\/div>\n<\/div>\n","protected":false},"excerpt":{"rendered":"<p>Puedes llamarnos, escribirnos un WhatsApp, enviarnos un correo electr\u00f3nico o usar nuestro formulario de contacto en la parte inferior de esta p\u00e1gina. Elige la forma de contacto que te resulte m\u00e1s c\u00f3moda. Estaremos encantados de atenderte. Paseo de Eduardo Dato 19, Madrid.1\u00ba Izquierda. (+34) 623913004 (+34) 623913004 (WhatsApp) info@rocioochoa.com Paseo de Eduardo Dato 19, Madrid.1\u00ba [&hellip;]<\/p>\n","protected":false},"author":1,"featured_media":0,"parent":0,"menu_order":0,"comment_status":"closed","ping_status":"closed","template":"page-with-title","meta":{"footnotes":""},"class_list":["post-24","page","type-page","status-publish","hentry"],"aioseo_notices":[],"_links":{"self":[{"href":"https:\/\/www.rocioochoa.com\/en\/wp-json\/wp\/v2\/pages\/24","targetHints":{"allow":["GET"]}}],"collection":[{"href":"https:\/\/www.rocioochoa.com\/en\/wp-json\/wp\/v2\/pages"}],"about":[{"href":"https:\/\/www.rocioochoa.com\/en\/wp-json\/wp\/v2\/types\/page"}],"author":[{"embeddable":true,"href":"https:\/\/www.rocioochoa.com\/en\/wp-json\/wp\/v2\/users\/1"}],"replies":[{"embeddable":true,"href":"https:\/\/www.rocioochoa.com\/en\/wp-json\/wp\/v2\/comments?post=24"}],"version-history":[{"count":10,"href":"https:\/\/www.rocioochoa.com\/en\/wp-json\/wp\/v2\/pages\/24\/revisions"}],"predecessor-version":[{"id":330,"href":"https:\/\/www.rocioochoa.com\/en\/wp-json\/wp\/v2\/pages\/24\/revisions\/330"}],"wp:attachment":[{"href":"https:\/\/www.rocioochoa.com\/en\/wp-json\/wp\/v2\/media?parent=24"}],"curies":[{"name":"wp","href":"https:\/\/api.w.org\/{rel}","templated":true}]}}