{"id":23,"date":"2026-02-11T13:32:58","date_gmt":"2026-02-11T13:32:58","guid":{"rendered":"https:\/\/www.rocioochoa.com\/booking\/"},"modified":"2026-02-19T14:57:58","modified_gmt":"2026-02-19T14:57:58","slug":"reservas","status":"publish","type":"page","link":"https:\/\/www.rocioochoa.com\/en\/reservas\/","title":{"rendered":"Appointments"},"content":{"rendered":"\n<div class=\"wp-block-group alignfull is-style-ext-preset--group--natural-1--section has-background-background-color has-background has-global-padding is-layout-constrained wp-block-group-is-layout-constrained\" id=\"contact\" style=\"margin-top:0;margin-bottom:0;padding-top:0;padding-bottom:0\">\n<script>\n  if (typeof hasAmeliaEntitiesApiCall === 'undefined' && ('' === '' && '' !== '1')) {\n    var hasAmeliaEntitiesApiCall = true;\n  }\n  var ameliaShortcodeData = (typeof ameliaShortcodeData === 'undefined') ? [] : ameliaShortcodeData;\n  ameliaShortcodeData.push(\n    {\n      'hasApiCall': (typeof hasAmeliaEntitiesApiCall !== 'undefined') && hasAmeliaEntitiesApiCall,\n      'trigger': '',\n      'trigger_type': '',\n      'triggered_form': 'sbsNew',\n      'in_dialog': '',\n      'show': '',\n      'counter': '1000',\n      'category': '',\n      'service': '',\n      'employee': '',\n      'location': '',\n      'package': '',\n      'layout': '1',\n    }\n  );\n\n  var ameliaShortcodeDataTriggered = (typeof ameliaShortcodeDataTriggered === 'undefined') ? [] : ameliaShortcodeDataTriggered;\n  if (ameliaShortcodeData[ameliaShortcodeData.length - 1].trigger !== '') {\n    if (ameliaShortcodeDataTriggered.filter(a => a.counter === ameliaShortcodeData[ameliaShortcodeData.length - 1].counter).length === 0) {\n      ameliaShortcodeDataTriggered.push(ameliaShortcodeData.pop());\n    } else {\n      ameliaShortcodeData.pop()\n    }\n  }\n  if (typeof hasAmeliaEntitiesApiCall !== 'undefined' && hasAmeliaEntitiesApiCall) {\n    hasAmeliaEntitiesApiCall = false;\n  }\n<\/script>\n\n<div\n  id=\"amelia-v2-booking-1000\"\n  class=\"amelia-v2-booking\"\n >\n    <step-form-wrapper><\/step-form-wrapper><\/div>\n<\/div>\n\n\n\n<div class=\"wp-block-group alignfull is-style-ext-preset--group--natural-1--section has-tertiary-background-color has-background has-global-padding is-layout-constrained wp-container-core-group-is-layout-ae5ce8bd wp-block-group-is-layout-constrained\" id=\"services\" style=\"margin-top:0;margin-bottom:0;padding-top:var(--wp--preset--spacing--20);padding-bottom:var(--wp--preset--spacing--20)\">\n<div class=\"wp-block-group alignwide is-vertical is-layout-flex wp-container-core-group-is-layout-c35747d5 wp-block-group-is-layout-flex\">\n<div class=\"wp-block-group has-global-padding is-layout-constrained wp-container-core-group-is-layout-5e05634a wp-block-group-is-layout-constrained\">\n<h2 class=\"wp-block-heading\">\u00bfProblemas al reservar? \u00bfPrefieres Bizum o transferencia?<\/h2>\n\n\n\n<p class=\"has-text-align-left\">Ll\u00e1manos, m\u00e1ndanos un correo electr\u00f3nico o un WhatsApp y gestionamos la reserva de cita por esos canales sin ning\u00fan problema. <\/p>\n<\/div>\n<\/div>\n<\/div>\n\n\n\n<div class=\"wp-block-cover alignfull is-light\" style=\"margin-top:0;margin-bottom:0;padding-top:0;padding-bottom:0\"><img loading=\"lazy\" decoding=\"async\" width=\"1024\" height=\"574\" class=\"wp-block-cover__image-background wp-image-38 size-large\" alt=\"\" src=\"https:\/\/www.rocioochoa.com\/wp-content\/uploads\/2026\/02\/sunset-beach-1024x574.jpg\" data-object-fit=\"cover\" srcset=\"https:\/\/www.rocioochoa.com\/wp-content\/uploads\/2026\/02\/sunset-beach-1024x574.jpg 1024w, https:\/\/www.rocioochoa.com\/wp-content\/uploads\/2026\/02\/sunset-beach-300x168.jpg 300w, https:\/\/www.rocioochoa.com\/wp-content\/uploads\/2026\/02\/sunset-beach-768x431.jpg 768w, https:\/\/www.rocioochoa.com\/wp-content\/uploads\/2026\/02\/sunset-beach-1536x861.jpg 1536w, https:\/\/www.rocioochoa.com\/wp-content\/uploads\/2026\/02\/sunset-beach-2048x1148.jpg 2048w, https:\/\/www.rocioochoa.com\/wp-content\/uploads\/2026\/02\/sunset-beach-18x10.jpg 18w\" sizes=\"auto, (max-width: 1024px) 100vw, 1024px\" \/><span aria-hidden=\"true\" class=\"wp-block-cover__background has-background-dim\" style=\"background-color:#deceb9\"><\/span><div class=\"wp-block-cover__inner-container has-global-padding is-layout-constrained wp-container-core-cover-is-layout-fdabefd0 wp-block-cover-is-layout-constrained\">\n<div class=\"wp-block-group alignfull is-style-ext-preset--group--natural-1--section has-global-padding is-layout-constrained wp-block-group-is-layout-constrained\" style=\"margin-top:0;margin-bottom:0;padding-top:var(--wp--preset--spacing--30);padding-bottom:0\">\n<div class=\"wp-block-group alignwide is-vertical is-content-justification-center is-layout-flex wp-container-core-group-is-layout-c9ee0c5a wp-block-group-is-layout-flex\">\n<div class=\"wp-block-group has-global-padding is-layout-constrained wp-container-core-group-is-layout-2287c683 wp-block-group-is-layout-constrained\">\n<h1 class=\"wp-block-heading alignwide has-text-align-center\">\u00bfHablamos?<\/h1>\n\n\n\n<div class=\"wp-block-group is-content-justification-center is-nowrap is-layout-flex wp-container-core-group-is-layout-23441af8 wp-block-group-is-layout-flex\">\n<figure class=\"wp-block-image size-thumbnail wp-container-content-759e20a8 wp-duotone-2640d4-f9f8f1-4\"><a href=\"tel:+34623913004\"><img loading=\"lazy\" decoding=\"async\" width=\"150\" height=\"150\" src=\"https:\/\/www.rocioochoa.com\/wp-content\/uploads\/2026\/02\/phone-2-150x150.png\" alt=\"\" class=\"wp-image-259\" style=\"object-fit:cover\" srcset=\"https:\/\/www.rocioochoa.com\/wp-content\/uploads\/2026\/02\/phone-2-150x150.png 150w, https:\/\/www.rocioochoa.com\/wp-content\/uploads\/2026\/02\/phone-2-300x300.png 300w, https:\/\/www.rocioochoa.com\/wp-content\/uploads\/2026\/02\/phone-2-12x12.png 12w, https:\/\/www.rocioochoa.com\/wp-content\/uploads\/2026\/02\/phone-2.png 640w\" sizes=\"auto, (max-width: 150px) 100vw, 150px\" \/><\/a><\/figure>\n\n\n\n<figure class=\"wp-block-image size-thumbnail wp-container-content-d50df0bc wp-duotone-rgb37211102-f9f8f1-5\"><a href=\"https:\/\/wa.me\/34623913004\" target=\"_blank\"><img loading=\"lazy\" decoding=\"async\" width=\"150\" height=\"150\" src=\"https:\/\/www.rocioochoa.com\/wp-content\/uploads\/2026\/02\/whatsapp-1-150x150.png\" alt=\"\" class=\"wp-image-257\" srcset=\"https:\/\/www.rocioochoa.com\/wp-content\/uploads\/2026\/02\/whatsapp-1-150x150.png 150w, https:\/\/www.rocioochoa.com\/wp-content\/uploads\/2026\/02\/whatsapp-1-300x300.png 300w, https:\/\/www.rocioochoa.com\/wp-content\/uploads\/2026\/02\/whatsapp-1-12x12.png 12w, https:\/\/www.rocioochoa.com\/wp-content\/uploads\/2026\/02\/whatsapp-1.png 640w\" sizes=\"auto, (max-width: 150px) 100vw, 150px\" \/><\/a><\/figure>\n\n\n\n<figure class=\"wp-block-image size-thumbnail wp-container-content-d50df0bc wp-duotone-5e5e5e-f9f8f1-6\"><a href=\"mailto:info@rocioochoa.com\"><img loading=\"lazy\" decoding=\"async\" width=\"150\" height=\"150\" src=\"https:\/\/www.rocioochoa.com\/wp-content\/uploads\/2026\/02\/email-150x150.png\" alt=\"\" class=\"wp-image-260\" srcset=\"https:\/\/www.rocioochoa.com\/wp-content\/uploads\/2026\/02\/email-150x150.png 150w, https:\/\/www.rocioochoa.com\/wp-content\/uploads\/2026\/02\/email-300x300.png 300w, https:\/\/www.rocioochoa.com\/wp-content\/uploads\/2026\/02\/email-12x12.png 12w, https:\/\/www.rocioochoa.com\/wp-content\/uploads\/2026\/02\/email.png 640w\" sizes=\"auto, (max-width: 150px) 100vw, 150px\" \/><\/a><\/figure>\n<\/div>\n\n\n\n<p class=\"has-text-align-center has-small-font-size\"><em>Pulsa sobre cada icono para llamar o escribirnos.<\/em><\/p>\n<\/div>\n<\/div>\n<\/div>\n<\/div><\/div>\n\n\n","protected":false},"excerpt":{"rendered":"<p>\u00bfProblemas al reservar? \u00bfPrefieres Bizum o transferencia? Ll\u00e1manos, m\u00e1ndanos un correo electr\u00f3nico o un WhatsApp y gestionamos la reserva de cita por esos canales sin ning\u00fan problema. Therapeutic Support for Individuals, Couples, and Children Explore our comprehensive therapy options, tailored to promote well-being and personal growth. Individual Therapy Sessions Personalized therapy aimed at fostering emotional [&hellip;]<\/p>\n","protected":false},"author":1,"featured_media":0,"parent":0,"menu_order":0,"comment_status":"closed","ping_status":"closed","template":"page-with-title","meta":{"footnotes":""},"class_list":["post-23","page","type-page","status-publish","hentry"],"aioseo_notices":[],"_links":{"self":[{"href":"https:\/\/www.rocioochoa.com\/en\/wp-json\/wp\/v2\/pages\/23","targetHints":{"allow":["GET"]}}],"collection":[{"href":"https:\/\/www.rocioochoa.com\/en\/wp-json\/wp\/v2\/pages"}],"about":[{"href":"https:\/\/www.rocioochoa.com\/en\/wp-json\/wp\/v2\/types\/page"}],"author":[{"embeddable":true,"href":"https:\/\/www.rocioochoa.com\/en\/wp-json\/wp\/v2\/users\/1"}],"replies":[{"embeddable":true,"href":"https:\/\/www.rocioochoa.com\/en\/wp-json\/wp\/v2\/comments?post=23"}],"version-history":[{"count":7,"href":"https:\/\/www.rocioochoa.com\/en\/wp-json\/wp\/v2\/pages\/23\/revisions"}],"predecessor-version":[{"id":329,"href":"https:\/\/www.rocioochoa.com\/en\/wp-json\/wp\/v2\/pages\/23\/revisions\/329"}],"wp:attachment":[{"href":"https:\/\/www.rocioochoa.com\/en\/wp-json\/wp\/v2\/media?parent=23"}],"curies":[{"name":"wp","href":"https:\/\/api.w.org\/{rel}","templated":true}]}}